{"id":162,"date":"2023-02-03T10:39:24","date_gmt":"2023-02-03T09:39:24","guid":{"rendered":"http:\/\/thedrunkenleprechauns.com\/?page_id=162"},"modified":"2023-02-03T13:32:31","modified_gmt":"2023-02-03T12:32:31","slug":"contact","status":"publish","type":"page","link":"https:\/\/thedrunkenleprechauns.com\/index.php\/contact\/","title":{"rendered":"Contact"},"content":{"rendered":"<p>N&#8217;h\u00e9sitez pas \u00e0 nous \u00e9crire :<\/p>\n<p><a href=\"mailto:booking@thedrunkenleprechauns.com\">booking@thedrunkenleprechauns.com<\/a><\/p>\n","protected":false},"excerpt":{"rendered":"<p>N&#8217;h\u00e9sitez pas \u00e0 nous \u00e9crire : booking@thedrunkenleprechauns.com<\/p>\n","protected":false},"author":1,"featured_media":0,"parent":0,"menu_order":0,"comment_status":"closed","ping_status":"closed","template":"","meta":{"footnotes":""},"_links":{"self":[{"href":"https:\/\/thedrunkenleprechauns.com\/index.php\/wp-json\/wp\/v2\/pages\/162"}],"collection":[{"href":"https:\/\/thedrunkenleprechauns.com\/index.php\/wp-json\/wp\/v2\/pages"}],"about":[{"href":"https:\/\/thedrunkenleprechauns.com\/index.php\/wp-json\/wp\/v2\/types\/page"}],"author":[{"embeddable":true,"href":"https:\/\/thedrunkenleprechauns.com\/index.php\/wp-json\/wp\/v2\/users\/1"}],"replies":[{"embeddable":true,"href":"https:\/\/thedrunkenleprechauns.com\/index.php\/wp-json\/wp\/v2\/comments?post=162"}],"version-history":[{"count":4,"href":"https:\/\/thedrunkenleprechauns.com\/index.php\/wp-json\/wp\/v2\/pages\/162\/revisions"}],"predecessor-version":[{"id":194,"href":"https:\/\/thedrunkenleprechauns.com\/index.php\/wp-json\/wp\/v2\/pages\/162\/revisions\/194"}],"wp:attachment":[{"href":"https:\/\/thedrunkenleprechauns.com\/index.php\/wp-json\/wp\/v2\/media?parent=162"}],"curies":[{"name":"wp","href":"https:\/\/api.w.org\/{rel}","templated":true}]}}