{"id":153,"date":"2023-02-03T10:30:53","date_gmt":"2023-02-03T09:30:53","guid":{"rendered":"http:\/\/thedrunkenleprechauns.com\/?page_id=153"},"modified":"2023-02-03T10:30:53","modified_gmt":"2023-02-03T09:30:53","slug":"biographie","status":"publish","type":"page","link":"https:\/\/thedrunkenleprechauns.com\/index.php\/biographie\/","title":{"rendered":"Biographie"},"content":{"rendered":"<p class=\"p1\">Fond\u00e9 en 2oo8 par le batteur J\u00e9r\u00e9mie Saugy et le guitariste-chanteur Timmy Schenk, le groupe est n\u00e9 d\u2019une longue amiti\u00e9 et d\u2019une grande passion pour la musique irlandaise ainsi que pour son univers aux parfums houblonn\u00e9s.<\/p>\n<p class=\"p1\">Tout au long de cette derni\u00e8re d\u00e9cennie, les deux acolytes ont perfectionn\u00e9 leur vision musicale gr\u00e2ce \u00e0 des formations professionnelles dans les domaines du jazz, de l\u2019ing\u00e9nierie du son et de la composition au sein des Hautes Ecoles Helv\u00e9tiques.<\/p>\n<p class=\"p1\">D\u00e8s <span class=\"s1\">2014<\/span>, la formation s\u2019agrandit avec l\u2019arriv\u00e9e de Nina Grisoni, chanteuse et pianiste de profession, qui pr\u00eatera au projet sa voix riche et puissante, accompagn\u00e9e d\u2019\u00e9l\u00e9gants traits pianistiques.<\/p>\n<p class=\"p1\">En 2o21, c\u2019est finalement le guitariste Josquin Schwizgebel qui rejoindra lajoyeuse troupe pour ornementer follement le r\u00e9pertoire.<\/p>\n<p class=\"p1\">Depuis plus d\u2019une d\u00e9cade, The Drunken Leprechauns \u00e9cument les sc\u00e8nes de Suisse romande pour le plus grand bonheur des fans de musique irlandaise, mais pas seulement ! Ses musiciens de talent savent aussi s\u2019adapter \u00e0 leur public et proposer un programme teint\u00e9 de Rock d\u00e9chirant ou de Pop plus paisible, lorsque l\u2019ambiance le sugg\u00e8re.<\/p>\n<p class=\"p1\">A savourer sans mod\u00e9ration<\/p>\n","protected":false},"excerpt":{"rendered":"<p>Fond\u00e9 en 2oo8 par le batteur J\u00e9r\u00e9mie Saugy et le guitariste-chanteur Timmy Schenk, le groupe est n\u00e9 d\u2019une longue amiti\u00e9 &hellip; <a href=\"https:\/\/thedrunkenleprechauns.com\/index.php\/biographie\/\" class=\"more-link\"><span class=\"more-button\">Continue Reading<span class=\"screen-reader-text\">Biographie<\/span><\/span><\/a><\/p>\n","protected":false},"author":1,"featured_media":154,"parent":0,"menu_order":0,"comment_status":"closed","ping_status":"closed","template":"","meta":{"footnotes":""},"_links":{"self":[{"href":"https:\/\/thedrunkenleprechauns.com\/index.php\/wp-json\/wp\/v2\/pages\/153"}],"collection":[{"href":"https:\/\/thedrunkenleprechauns.com\/index.php\/wp-json\/wp\/v2\/pages"}],"about":[{"href":"https:\/\/thedrunkenleprechauns.com\/index.php\/wp-json\/wp\/v2\/types\/page"}],"author":[{"embeddable":true,"href":"https:\/\/thedrunkenleprechauns.com\/index.php\/wp-json\/wp\/v2\/users\/1"}],"replies":[{"embeddable":true,"href":"https:\/\/thedrunkenleprechauns.com\/index.php\/wp-json\/wp\/v2\/comments?post=153"}],"version-history":[{"count":1,"href":"https:\/\/thedrunkenleprechauns.com\/index.php\/wp-json\/wp\/v2\/pages\/153\/revisions"}],"predecessor-version":[{"id":155,"href":"https:\/\/thedrunkenleprechauns.com\/index.php\/wp-json\/wp\/v2\/pages\/153\/revisions\/155"}],"wp:featuredmedia":[{"embeddable":true,"href":"https:\/\/thedrunkenleprechauns.com\/index.php\/wp-json\/wp\/v2\/media\/154"}],"wp:attachment":[{"href":"https:\/\/thedrunkenleprechauns.com\/index.php\/wp-json\/wp\/v2\/media?parent=153"}],"curies":[{"name":"wp","href":"https:\/\/api.w.org\/{rel}","templated":true}]}}